{"id":16170,"date":"2022-06-09T06:15:09","date_gmt":"2022-06-09T06:15:09","guid":{"rendered":"https:\/\/elementor.zozothemes.com\/restaurt\/portfolio-no-gutter-copy\/"},"modified":"2022-06-09T06:15:09","modified_gmt":"2022-06-09T06:15:09","slug":"portfolio-4-columns","status":"publish","type":"page","link":"https:\/\/myhotmeals.com\/index.php\/portfolio-4-columns\/","title":{"rendered":"Portfolio 4 Columns"},"content":{"rendered":"\t\t<div data-elementor-type=\"wp-page\" data-elementor-id=\"16170\" class=\"elementor elementor-16170\">\n\t\t\t\t\t\t<section class=\"elementor-section elementor-top-section elementor-element elementor-element-7f7d0aa elementor-section-content-middle elementor-section-stretched elementor-section-full_width elementor-section-height-default elementor-section-height-default\" data-id=\"7f7d0aa\" data-element_type=\"section\" data-settings=\"{&quot;stretch_section&quot;:&quot;section-stretched&quot;,&quot;background_background&quot;:&quot;classic&quot;}\">\n\t\t\t\t\t\t\t<div class=\"elementor-background-overlay\"><\/div>\n\t\t\t\t\t\t\t<div class=\"elementor-container elementor-column-gap-extended\">\n\t\t\t\t\t<div class=\"elementor-column elementor-col-100 elementor-top-column elementor-element elementor-element-ce4dcea\" data-id=\"ce4dcea\" data-element_type=\"column\">\n\t\t\t<div class=\"elementor-widget-wrap elementor-element-populated\">\n\t\t\t\t\t\t<div class=\"elementor-element elementor-element-5004a79 elementor-widget elementor-widget-ceaportfolio\" data-id=\"5004a79\" data-element_type=\"widget\" data-widget_type=\"ceaportfolio.default\">\n\t\t\t\t\r\n\t\t<div class=\"elementor-widget-container portfolio-wrapper portfolio-style-classic-pro portfolio-light portfolio-normal-model image-gallery\">\r\n\t\t\r\n\t\t\t<div class=\"row\"><div class=\"col-lg-3 col-md-6\"><div class=\"portfolio-inner\"><div class=\"post-thumb\"><a href=\"https:\/\/myhotmeals.com\/index.php\/portfolio\/chocolate-cupcakes\/\" class=\"post-image-link\"><img decoding=\"async\" src=\"https:\/\/myhotmeals.com\/wp-content\/uploads\/elementor\/thumbs\/pexels-acharaporn-kamornboonyarush-1028714-qnfpm0catpfyhqoc1jvgpj6wxax4zg96jbn74aru54.jpg\" title=\"pexels-acharaporn-kamornboonyarush-1028714\" alt=\"\" class=\"img-fluid squared\" \/><\/a><\/div><!-- .post-thumb --><div class=\"post-details-outer\"><div class=\"entry-title\"><h4 class=\"post-title-head\"><a href=\"https:\/\/myhotmeals.com\/index.php\/portfolio\/chocolate-cupcakes\/\" class=\"post-title\">Chocolate Cupcakes<\/a><\/h4><\/div><!-- .entry-title --><div class=\"post-category\"><span class=\"before-icon ti-folder\"><\/span><a href=\"https:\/\/myhotmeals.com\/index.php\/portfolio-categories\/tradition\/\">Tradition<\/a>,<a href=\"https:\/\/myhotmeals.com\/index.php\/portfolio-categories\/wine\/\">Wine<\/a><\/div><\/div><!-- .post-details-outer --><\/div><!-- .portfolio-inner --><\/div><!-- .col \/ .owl-carousel-item \/ .isotope --><div class=\"col-lg-3 col-md-6\"><div class=\"portfolio-inner\"><div class=\"post-thumb\"><a href=\"https:\/\/myhotmeals.com\/index.php\/portfolio\/carbonara-pasta\/\" class=\"post-image-link\"><img decoding=\"async\" src=\"https:\/\/myhotmeals.com\/wp-content\/uploads\/elementor\/thumbs\/pexels-feyza-yildirim-14085452-qnfpm1a50jh8tcmyw2a3a0ydiosi75cwvgaolkqfyw.jpg\" title=\"pexels-feyza-y\u0131ld\u0131r\u0131m-14085452\" alt=\"\" class=\"img-fluid squared img-fluid squared\" \/><\/a><\/div><!-- .post-thumb --><div class=\"post-details-outer\"><div class=\"entry-title\"><h4 class=\"post-title-head\"><a href=\"https:\/\/myhotmeals.com\/index.php\/portfolio\/carbonara-pasta\/\" class=\"post-title\">Carbonara Pasta<\/a><\/h4><\/div><!-- .entry-title --><div class=\"post-category\"><span class=\"before-icon ti-folder\"><\/span><a href=\"https:\/\/myhotmeals.com\/index.php\/portfolio-categories\/desserts\/\">Desserts<\/a>,<a href=\"https:\/\/myhotmeals.com\/index.php\/portfolio-categories\/top-sellers\/\">Top Sellers<\/a><\/div><\/div><!-- .post-details-outer --><\/div><!-- .portfolio-inner --><\/div><!-- .col \/ .owl-carousel-item \/ .isotope --><div class=\"col-lg-3 col-md-6\"><div class=\"portfolio-inner\"><div class=\"post-thumb\"><a href=\"https:\/\/myhotmeals.com\/index.php\/portfolio\/ruby-cellar\/\" class=\"post-image-link\"><img decoding=\"async\" src=\"https:\/\/myhotmeals.com\/wp-content\/uploads\/elementor\/thumbs\/pexels-cottonbro-studio-8942305-qnfpm1a50jh8tcmyw2a3a0ydiosi75cwvgaolkqfyw.jpg\" title=\"pexels-cottonbro-studio-8942305\" alt=\"\" class=\"img-fluid squared img-fluid squared img-fluid squared\" \/><\/a><\/div><!-- .post-thumb --><div class=\"post-details-outer\"><div class=\"entry-title\"><h4 class=\"post-title-head\"><a href=\"https:\/\/myhotmeals.com\/index.php\/portfolio\/ruby-cellar\/\" class=\"post-title\">Ruby Cellar<\/a><\/h4><\/div><!-- .entry-title --><div class=\"post-category\"><span class=\"before-icon ti-folder\"><\/span><a href=\"https:\/\/myhotmeals.com\/index.php\/portfolio-categories\/top-sellers\/\">Top Sellers<\/a>,<a href=\"https:\/\/myhotmeals.com\/index.php\/portfolio-categories\/tradition\/\">Tradition<\/a><\/div><\/div><!-- .post-details-outer --><\/div><!-- .portfolio-inner --><\/div><!-- .col \/ .owl-carousel-item \/ .isotope --><div class=\"col-lg-3 col-md-6\"><div class=\"portfolio-inner\"><div class=\"post-thumb\"><a href=\"https:\/\/myhotmeals.com\/index.php\/portfolio\/fine-pair\/\" class=\"post-image-link\"><img decoding=\"async\" src=\"https:\/\/myhotmeals.com\/wp-content\/uploads\/elementor\/thumbs\/pexels-alisha-mishra-1343504-qnfpm1a50jh8tcmyw2a3a0ydiosi75cwvgaolkqfyw.jpg\" title=\"pexels-alisha-mishra-1343504\" alt=\"\" class=\"img-fluid squared img-fluid squared img-fluid squared img-fluid squared\" \/><\/a><\/div><!-- .post-thumb --><div class=\"post-details-outer\"><div class=\"entry-title\"><h4 class=\"post-title-head\"><a href=\"https:\/\/myhotmeals.com\/index.php\/portfolio\/fine-pair\/\" class=\"post-title\">Fine Pair<\/a><\/h4><\/div><!-- .entry-title --><div class=\"post-category\"><span class=\"before-icon ti-folder\"><\/span><a href=\"https:\/\/myhotmeals.com\/index.php\/portfolio-categories\/desserts\/\">Desserts<\/a>,<a href=\"https:\/\/myhotmeals.com\/index.php\/portfolio-categories\/wine\/\">Wine<\/a><\/div><\/div><!-- .post-details-outer --><\/div><!-- .portfolio-inner --><\/div><!-- .col \/ .owl-carousel-item \/ .isotope --><\/div><!-- .row --><div class=\"row\"><div class=\"col-lg-3 col-md-6\"><div class=\"portfolio-inner\"><div class=\"post-thumb\"><a href=\"https:\/\/myhotmeals.com\/index.php\/portfolio\/sea-fish\/\" class=\"post-image-link\"><img decoding=\"async\" src=\"https:\/\/myhotmeals.com\/wp-content\/uploads\/elementor\/thumbs\/pexels-oleksandr-pidvalnyi-1031780-qnfplzegmveo64pp71gu51fgbx1rrr5g76zpn0t8bc.jpg\" title=\"pexels-oleksandr-pidvalnyi-1031780\" alt=\"\" class=\"img-fluid squared img-fluid squared img-fluid squared img-fluid squared img-fluid squared\" \/><\/a><\/div><!-- .post-thumb --><div class=\"post-details-outer\"><div class=\"entry-title\"><h4 class=\"post-title-head\"><a href=\"https:\/\/myhotmeals.com\/index.php\/portfolio\/sea-fish\/\" class=\"post-title\">Sea Fish<\/a><\/h4><\/div><!-- .entry-title --><div class=\"post-category\"><span class=\"before-icon ti-folder\"><\/span><a href=\"https:\/\/myhotmeals.com\/index.php\/portfolio-categories\/tradition\/\">Tradition<\/a><\/div><\/div><!-- .post-details-outer --><\/div><!-- .portfolio-inner --><\/div><!-- .col \/ .owl-carousel-item \/ .isotope --><div class=\"col-lg-3 col-md-6\"><div class=\"portfolio-inner\"><div class=\"post-thumb\"><a href=\"https:\/\/myhotmeals.com\/index.php\/portfolio\/plate-of-barbeques\/\" class=\"post-image-link\"><img decoding=\"async\" src=\"https:\/\/myhotmeals.com\/wp-content\/uploads\/elementor\/thumbs\/pexels-kaboompics-com-6014-1-qnfpm0catpfyhqoc1jvgpj6wxax4zg96jbn74aru54.jpg\" title=\"pexels-kaboompics-com-6014 (1)\" alt=\"\" class=\"img-fluid squared img-fluid squared img-fluid squared img-fluid squared img-fluid squared img-fluid squared\" \/><\/a><\/div><!-- .post-thumb --><div class=\"post-details-outer\"><div class=\"entry-title\"><h4 class=\"post-title-head\"><a href=\"https:\/\/myhotmeals.com\/index.php\/portfolio\/plate-of-barbeques\/\" class=\"post-title\">Plate of Barbeques<\/a><\/h4><\/div><!-- .entry-title --><div class=\"post-category\"><span class=\"before-icon ti-folder\"><\/span><a href=\"https:\/\/myhotmeals.com\/index.php\/portfolio-categories\/top-sellers\/\">Top Sellers<\/a><\/div><\/div><!-- .post-details-outer --><\/div><!-- .portfolio-inner --><\/div><!-- .col \/ .owl-carousel-item \/ .isotope --><div class=\"col-lg-3 col-md-6\"><div class=\"portfolio-inner\"><div class=\"post-thumb\"><a href=\"https:\/\/myhotmeals.com\/index.php\/portfolio\/spaghetti\/\" class=\"post-image-link\"><img decoding=\"async\" src=\"https:\/\/myhotmeals.com\/wp-content\/uploads\/elementor\/thumbs\/2-qnfplygmg1dduir2cj27kjnzqj6ek21pv2c85qumhk.jpg\" title=\"2\" alt=\"\" class=\"img-fluid squared img-fluid squared img-fluid squared img-fluid squared img-fluid squared img-fluid squared img-fluid squared\" \/><\/a><\/div><!-- .post-thumb --><div class=\"post-details-outer\"><div class=\"entry-title\"><h4 class=\"post-title-head\"><a href=\"https:\/\/myhotmeals.com\/index.php\/portfolio\/spaghetti\/\" class=\"post-title\">Spaghetti<\/a><\/h4><\/div><!-- .entry-title --><div class=\"post-category\"><span class=\"before-icon ti-folder\"><\/span><a href=\"https:\/\/myhotmeals.com\/index.php\/portfolio-categories\/tradition\/\">Tradition<\/a><\/div><\/div><!-- .post-details-outer --><\/div><!-- .portfolio-inner --><\/div><!-- .col \/ .owl-carousel-item \/ .isotope --><div class=\"col-lg-3 col-md-6\"><div class=\"portfolio-inner\"><div class=\"post-thumb\"><a href=\"https:\/\/myhotmeals.com\/index.php\/portfolio\/black-coffee\/\" class=\"post-image-link\"><img decoding=\"async\" src=\"https:\/\/myhotmeals.com\/wp-content\/uploads\/elementor\/thumbs\/4-qnfplzegmveo64pp71gu51fgbx1rrr5g76zpn0t8bc.jpg\" title=\"4\" alt=\"\" class=\"img-fluid squared img-fluid squared img-fluid squared img-fluid squared img-fluid squared img-fluid squared img-fluid squared img-fluid squared\" \/><\/a><\/div><!-- .post-thumb --><div class=\"post-details-outer\"><div class=\"entry-title\"><h4 class=\"post-title-head\"><a href=\"https:\/\/myhotmeals.com\/index.php\/portfolio\/black-coffee\/\" class=\"post-title\">Black Coffee<\/a><\/h4><\/div><!-- .entry-title --><div class=\"post-category\"><span class=\"before-icon ti-folder\"><\/span><a href=\"https:\/\/myhotmeals.com\/index.php\/portfolio-categories\/wine\/\">Wine<\/a><\/div><\/div><!-- .post-details-outer --><\/div><!-- .portfolio-inner --><\/div><!-- .col \/ .owl-carousel-item \/ .isotope --><\/div><!-- .row -->\t\t\t\r\n\t\t<\/div>\r\n\t\t\t\t<\/div>\n\t\t\t\t\t<\/div>\n\t\t<\/div>\n\t\t\t\t\t<\/div>\n\t\t<\/section>\n\t\t\t\t<\/div>\n\t\t","protected":false},"excerpt":{"rendered":"<p>Chocolate Cupcakes Tradition,Wine Carbonara Pasta Desserts,Top Sellers Ruby Cellar Top..<\/p>\n","protected":false},"author":1,"featured_media":0,"parent":0,"menu_order":0,"comment_status":"closed","ping_status":"closed","template":"","meta":{"_monsterinsights_skip_tracking":false,"_monsterinsights_sitenote_active":false,"_monsterinsights_sitenote_note":"","_monsterinsights_sitenote_category":0,"footnotes":""},"aioseo_notices":[],"_links":{"self":[{"href":"https:\/\/myhotmeals.com\/index.php\/wp-json\/wp\/v2\/pages\/16170"}],"collection":[{"href":"https:\/\/myhotmeals.com\/index.php\/wp-json\/wp\/v2\/pages"}],"about":[{"href":"https:\/\/myhotmeals.com\/index.php\/wp-json\/wp\/v2\/types\/page"}],"author":[{"embeddable":true,"href":"https:\/\/myhotmeals.com\/index.php\/wp-json\/wp\/v2\/users\/1"}],"replies":[{"embeddable":true,"href":"https:\/\/myhotmeals.com\/index.php\/wp-json\/wp\/v2\/comments?post=16170"}],"version-history":[{"count":0,"href":"https:\/\/myhotmeals.com\/index.php\/wp-json\/wp\/v2\/pages\/16170\/revisions"}],"wp:attachment":[{"href":"https:\/\/myhotmeals.com\/index.php\/wp-json\/wp\/v2\/media?parent=16170"}],"curies":[{"name":"wp","href":"https:\/\/api.w.org\/{rel}","templated":true}]}}